{"id":1363,"date":"2023-02-23T11:37:48","date_gmt":"2023-02-23T10:37:48","guid":{"rendered":"https:\/\/www.moncef-ammari.tn\/?page_id=1363"},"modified":"2023-02-23T16:52:04","modified_gmt":"2023-02-23T15:52:04","slug":"commerce-consommation","status":"publish","type":"page","link":"https:\/\/www.moncef-ammari.tn\/?page_id=1363","title":{"rendered":"COMMERCE &#8211; CONSOMMATION"},"content":{"rendered":"\n<figure class=\"wp-block-image size-large is-resized\"><img loading=\"lazy\" decoding=\"async\" src=\"https:\/\/www.moncef-ammari.tn\/wp-content\/uploads\/2023\/02\/kyoScan-\u200e2\u200e.\u200e23\u200e.\u200e2023-\u200e11\u200e.\u200e28\u200e.\u200e31-5-391x1024.jpg\" alt=\"\" class=\"wp-image-1408\" width=\"651\" height=\"1705\" srcset=\"https:\/\/www.moncef-ammari.tn\/wp-content\/uploads\/2023\/02\/kyoScan-\u200e2\u200e.\u200e23\u200e.\u200e2023-\u200e11\u200e.\u200e28\u200e.\u200e31-5-391x1024.jpg 391w, https:\/\/www.moncef-ammari.tn\/wp-content\/uploads\/2023\/02\/kyoScan-\u200e2\u200e.\u200e23\u200e.\u200e2023-\u200e11\u200e.\u200e28\u200e.\u200e31-5-115x300.jpg 115w, https:\/\/www.moncef-ammari.tn\/wp-content\/uploads\/2023\/02\/kyoScan-\u200e2\u200e.\u200e23\u200e.\u200e2023-\u200e11\u200e.\u200e28\u200e.\u200e31-5-768x2010.jpg 768w, https:\/\/www.moncef-ammari.tn\/wp-content\/uploads\/2023\/02\/kyoScan-\u200e2\u200e.\u200e23\u200e.\u200e2023-\u200e11\u200e.\u200e28\u200e.\u200e31-5-587x1536.jpg 587w, https:\/\/www.moncef-ammari.tn\/wp-content\/uploads\/2023\/02\/kyoScan-\u200e2\u200e.\u200e23\u200e.\u200e2023-\u200e11\u200e.\u200e28\u200e.\u200e31-5-782x2048.jpg 782w, https:\/\/www.moncef-ammari.tn\/wp-content\/uploads\/2023\/02\/kyoScan-\u200e2\u200e.\u200e23\u200e.\u200e2023-\u200e11\u200e.\u200e28\u200e.\u200e31-5-scaled.jpg 978w\" sizes=\"auto, (max-width: 651px) 100vw, 651px\" \/><figcaption class=\"wp-element-caption\">Au rythme de Ramadan 21-05-1987<\/figcaption><\/figure>\n\n\n\n<figure class=\"wp-block-image size-large\"><img loading=\"lazy\" decoding=\"async\" width=\"642\" height=\"1024\" src=\"https:\/\/www.moncef-ammari.tn\/wp-content\/uploads\/2023\/02\/kyoScan-\u200e2\u200e.\u200e23\u200e.\u200e2023-\u200e11\u200e.\u200e25\u200e.\u200e53-4-642x1024.jpg\" alt=\"\" class=\"wp-image-1404\" srcset=\"https:\/\/www.moncef-ammari.tn\/wp-content\/uploads\/2023\/02\/kyoScan-\u200e2\u200e.\u200e23\u200e.\u200e2023-\u200e11\u200e.\u200e25\u200e.\u200e53-4-642x1024.jpg 642w, https:\/\/www.moncef-ammari.tn\/wp-content\/uploads\/2023\/02\/kyoScan-\u200e2\u200e.\u200e23\u200e.\u200e2023-\u200e11\u200e.\u200e25\u200e.\u200e53-4-188x300.jpg 188w, https:\/\/www.moncef-ammari.tn\/wp-content\/uploads\/2023\/02\/kyoScan-\u200e2\u200e.\u200e23\u200e.\u200e2023-\u200e11\u200e.\u200e25\u200e.\u200e53-4-768x1226.jpg 768w, https:\/\/www.moncef-ammari.tn\/wp-content\/uploads\/2023\/02\/kyoScan-\u200e2\u200e.\u200e23\u200e.\u200e2023-\u200e11\u200e.\u200e25\u200e.\u200e53-4-962x1536.jpg 962w, https:\/\/www.moncef-ammari.tn\/wp-content\/uploads\/2023\/02\/kyoScan-\u200e2\u200e.\u200e23\u200e.\u200e2023-\u200e11\u200e.\u200e25\u200e.\u200e53-4-1283x2048.jpg 1283w, https:\/\/www.moncef-ammari.tn\/wp-content\/uploads\/2023\/02\/kyoScan-\u200e2\u200e.\u200e23\u200e.\u200e2023-\u200e11\u200e.\u200e25\u200e.\u200e53-4-scaled.jpg 1604w\" sizes=\"auto, (max-width: 642px) 100vw, 642px\" \/><figcaption class=\"wp-element-caption\">Mieux structurer le circuit commercial 18-01-1989<\/figcaption><\/figure>\n\n\n\n<figure class=\"wp-block-image size-large\"><img loading=\"lazy\" decoding=\"async\" width=\"1024\" height=\"486\" src=\"https:\/\/www.moncef-ammari.tn\/wp-content\/uploads\/2023\/02\/kyoScan-\u200e2\u200e.\u200e23\u200e.\u200e2023-\u200e11\u200e.\u200e25\u200e.\u200e53-11-1024x486.jpg\" alt=\"\" class=\"wp-image-1398\" srcset=\"https:\/\/www.moncef-ammari.tn\/wp-content\/uploads\/2023\/02\/kyoScan-\u200e2\u200e.\u200e23\u200e.\u200e2023-\u200e11\u200e.\u200e25\u200e.\u200e53-11-1024x486.jpg 1024w, https:\/\/www.moncef-ammari.tn\/wp-content\/uploads\/2023\/02\/kyoScan-\u200e2\u200e.\u200e23\u200e.\u200e2023-\u200e11\u200e.\u200e25\u200e.\u200e53-11-300x142.jpg 300w, https:\/\/www.moncef-ammari.tn\/wp-content\/uploads\/2023\/02\/kyoScan-\u200e2\u200e.\u200e23\u200e.\u200e2023-\u200e11\u200e.\u200e25\u200e.\u200e53-11-768x364.jpg 768w, https:\/\/www.moncef-ammari.tn\/wp-content\/uploads\/2023\/02\/kyoScan-\u200e2\u200e.\u200e23\u200e.\u200e2023-\u200e11\u200e.\u200e25\u200e.\u200e53-11-1536x729.jpg 1536w, https:\/\/www.moncef-ammari.tn\/wp-content\/uploads\/2023\/02\/kyoScan-\u200e2\u200e.\u200e23\u200e.\u200e2023-\u200e11\u200e.\u200e25\u200e.\u200e53-11-2048x972.jpg 2048w\" sizes=\"auto, (max-width: 1024px) 100vw, 1024px\" \/><figcaption class=\"wp-element-caption\">Poisson : favoriser la concurrence 27-06-1989<\/figcaption><\/figure>\n\n\n\n<figure class=\"wp-block-image size-large\"><img loading=\"lazy\" decoding=\"async\" width=\"1024\" height=\"487\" src=\"https:\/\/www.moncef-ammari.tn\/wp-content\/uploads\/2023\/02\/kyoScan-\u200e2\u200e.\u200e23\u200e.\u200e2023-\u200e11\u200e.\u200e25\u200e.\u200e53-9-1024x487.jpg\" alt=\"\" class=\"wp-image-1403\" srcset=\"https:\/\/www.moncef-ammari.tn\/wp-content\/uploads\/2023\/02\/kyoScan-\u200e2\u200e.\u200e23\u200e.\u200e2023-\u200e11\u200e.\u200e25\u200e.\u200e53-9-1024x487.jpg 1024w, https:\/\/www.moncef-ammari.tn\/wp-content\/uploads\/2023\/02\/kyoScan-\u200e2\u200e.\u200e23\u200e.\u200e2023-\u200e11\u200e.\u200e25\u200e.\u200e53-9-300x143.jpg 300w, https:\/\/www.moncef-ammari.tn\/wp-content\/uploads\/2023\/02\/kyoScan-\u200e2\u200e.\u200e23\u200e.\u200e2023-\u200e11\u200e.\u200e25\u200e.\u200e53-9-768x365.jpg 768w, https:\/\/www.moncef-ammari.tn\/wp-content\/uploads\/2023\/02\/kyoScan-\u200e2\u200e.\u200e23\u200e.\u200e2023-\u200e11\u200e.\u200e25\u200e.\u200e53-9-1536x730.jpg 1536w, https:\/\/www.moncef-ammari.tn\/wp-content\/uploads\/2023\/02\/kyoScan-\u200e2\u200e.\u200e23\u200e.\u200e2023-\u200e11\u200e.\u200e25\u200e.\u200e53-9-2048x974.jpg 2048w\" sizes=\"auto, (max-width: 1024px) 100vw, 1024px\" \/><figcaption class=\"wp-element-caption\">Des mesures prometteuses 06-01-1991<\/figcaption><\/figure>\n\n\n\n<figure class=\"wp-block-image size-large\"><img loading=\"lazy\" decoding=\"async\" width=\"1024\" height=\"939\" src=\"https:\/\/www.moncef-ammari.tn\/wp-content\/uploads\/2023\/02\/kyoScan-\u200e2\u200e.\u200e23\u200e.\u200e2023-\u200e11\u200e.\u200e25\u200e.\u200e53-8-1024x939.jpg\" alt=\"\" class=\"wp-image-1405\" srcset=\"https:\/\/www.moncef-ammari.tn\/wp-content\/uploads\/2023\/02\/kyoScan-\u200e2\u200e.\u200e23\u200e.\u200e2023-\u200e11\u200e.\u200e25\u200e.\u200e53-8-1024x939.jpg 1024w, https:\/\/www.moncef-ammari.tn\/wp-content\/uploads\/2023\/02\/kyoScan-\u200e2\u200e.\u200e23\u200e.\u200e2023-\u200e11\u200e.\u200e25\u200e.\u200e53-8-300x275.jpg 300w, https:\/\/www.moncef-ammari.tn\/wp-content\/uploads\/2023\/02\/kyoScan-\u200e2\u200e.\u200e23\u200e.\u200e2023-\u200e11\u200e.\u200e25\u200e.\u200e53-8-768x704.jpg 768w, https:\/\/www.moncef-ammari.tn\/wp-content\/uploads\/2023\/02\/kyoScan-\u200e2\u200e.\u200e23\u200e.\u200e2023-\u200e11\u200e.\u200e25\u200e.\u200e53-8-1536x1409.jpg 1536w, https:\/\/www.moncef-ammari.tn\/wp-content\/uploads\/2023\/02\/kyoScan-\u200e2\u200e.\u200e23\u200e.\u200e2023-\u200e11\u200e.\u200e25\u200e.\u200e53-8-2048x1879.jpg 2048w\" sizes=\"auto, (max-width: 1024px) 100vw, 1024px\" \/><figcaption class=\"wp-element-caption\">Des prix bien raisonnables 01-04-1991<\/figcaption><\/figure>\n\n\n\n<figure class=\"wp-block-image size-large\"><img loading=\"lazy\" decoding=\"async\" width=\"1024\" height=\"347\" src=\"https:\/\/www.moncef-ammari.tn\/wp-content\/uploads\/2023\/02\/kyoScan-\u200e2\u200e.\u200e23\u200e.\u200e2023-\u200e11\u200e.\u200e25\u200e.\u200e53-1-1024x347.jpg\" alt=\"\" class=\"wp-image-1400\" srcset=\"https:\/\/www.moncef-ammari.tn\/wp-content\/uploads\/2023\/02\/kyoScan-\u200e2\u200e.\u200e23\u200e.\u200e2023-\u200e11\u200e.\u200e25\u200e.\u200e53-1-1024x347.jpg 1024w, https:\/\/www.moncef-ammari.tn\/wp-content\/uploads\/2023\/02\/kyoScan-\u200e2\u200e.\u200e23\u200e.\u200e2023-\u200e11\u200e.\u200e25\u200e.\u200e53-1-300x102.jpg 300w, https:\/\/www.moncef-ammari.tn\/wp-content\/uploads\/2023\/02\/kyoScan-\u200e2\u200e.\u200e23\u200e.\u200e2023-\u200e11\u200e.\u200e25\u200e.\u200e53-1-768x260.jpg 768w, https:\/\/www.moncef-ammari.tn\/wp-content\/uploads\/2023\/02\/kyoScan-\u200e2\u200e.\u200e23\u200e.\u200e2023-\u200e11\u200e.\u200e25\u200e.\u200e53-1-1536x521.jpg 1536w, https:\/\/www.moncef-ammari.tn\/wp-content\/uploads\/2023\/02\/kyoScan-\u200e2\u200e.\u200e23\u200e.\u200e2023-\u200e11\u200e.\u200e25\u200e.\u200e53-1-2048x694.jpg 2048w\" sizes=\"auto, (max-width: 1024px) 100vw, 1024px\" \/><figcaption class=\"wp-element-caption\">Huilerie : la saturation 19-11-1991<\/figcaption><\/figure>\n\n\n\n<figure class=\"wp-block-image size-large is-resized\"><img loading=\"lazy\" decoding=\"async\" src=\"https:\/\/www.moncef-ammari.tn\/wp-content\/uploads\/2023\/02\/kyoScan-\u200e2\u200e.\u200e23\u200e.\u200e2023-\u200e11\u200e.\u200e25\u200e.\u200e53-7-615x1024.jpg\" alt=\"\" class=\"wp-image-1415\" width=\"650\" height=\"1082\" srcset=\"https:\/\/www.moncef-ammari.tn\/wp-content\/uploads\/2023\/02\/kyoScan-\u200e2\u200e.\u200e23\u200e.\u200e2023-\u200e11\u200e.\u200e25\u200e.\u200e53-7-615x1024.jpg 615w, https:\/\/www.moncef-ammari.tn\/wp-content\/uploads\/2023\/02\/kyoScan-\u200e2\u200e.\u200e23\u200e.\u200e2023-\u200e11\u200e.\u200e25\u200e.\u200e53-7-180x300.jpg 180w, https:\/\/www.moncef-ammari.tn\/wp-content\/uploads\/2023\/02\/kyoScan-\u200e2\u200e.\u200e23\u200e.\u200e2023-\u200e11\u200e.\u200e25\u200e.\u200e53-7-768x1280.jpg 768w, https:\/\/www.moncef-ammari.tn\/wp-content\/uploads\/2023\/02\/kyoScan-\u200e2\u200e.\u200e23\u200e.\u200e2023-\u200e11\u200e.\u200e25\u200e.\u200e53-7-922x1536.jpg 922w, https:\/\/www.moncef-ammari.tn\/wp-content\/uploads\/2023\/02\/kyoScan-\u200e2\u200e.\u200e23\u200e.\u200e2023-\u200e11\u200e.\u200e25\u200e.\u200e53-7-1229x2048.jpg 1229w, https:\/\/www.moncef-ammari.tn\/wp-content\/uploads\/2023\/02\/kyoScan-\u200e2\u200e.\u200e23\u200e.\u200e2023-\u200e11\u200e.\u200e25\u200e.\u200e53-7-scaled.jpg 1536w\" sizes=\"auto, (max-width: 650px) 100vw, 650px\" \/><figcaption class=\"wp-element-caption\">Tout est bien qui commence bien 09-03-1992<\/figcaption><\/figure>\n\n\n\n<figure class=\"wp-block-image size-large is-resized\"><img loading=\"lazy\" decoding=\"async\" src=\"https:\/\/www.moncef-ammari.tn\/wp-content\/uploads\/2023\/02\/kyoScan-\u200e2\u200e.\u200e23\u200e.\u200e2023-\u200e11\u200e.\u200e28\u200e.\u200e31-6-477x1024.jpg\" alt=\"\" class=\"wp-image-1409\" width=\"652\" height=\"1400\" srcset=\"https:\/\/www.moncef-ammari.tn\/wp-content\/uploads\/2023\/02\/kyoScan-\u200e2\u200e.\u200e23\u200e.\u200e2023-\u200e11\u200e.\u200e28\u200e.\u200e31-6-477x1024.jpg 477w, https:\/\/www.moncef-ammari.tn\/wp-content\/uploads\/2023\/02\/kyoScan-\u200e2\u200e.\u200e23\u200e.\u200e2023-\u200e11\u200e.\u200e28\u200e.\u200e31-6-140x300.jpg 140w, https:\/\/www.moncef-ammari.tn\/wp-content\/uploads\/2023\/02\/kyoScan-\u200e2\u200e.\u200e23\u200e.\u200e2023-\u200e11\u200e.\u200e28\u200e.\u200e31-6-716x1536.jpg 716w\" sizes=\"auto, (max-width: 652px) 100vw, 652px\" \/><figcaption class=\"wp-element-caption\">Les prix de la viande s&rsquo;assagissent 23-03-1992<\/figcaption><\/figure>\n\n\n\n<figure class=\"wp-block-image size-large is-resized\"><img loading=\"lazy\" decoding=\"async\" src=\"https:\/\/www.moncef-ammari.tn\/wp-content\/uploads\/2023\/02\/kyoScan-\u200e2\u200e.\u200e23\u200e.\u200e2023-\u200e11\u200e.\u200e25\u200e.\u200e53-5-810x1024.jpg\" alt=\"\" class=\"wp-image-1414\" width=\"650\" height=\"821\" srcset=\"https:\/\/www.moncef-ammari.tn\/wp-content\/uploads\/2023\/02\/kyoScan-\u200e2\u200e.\u200e23\u200e.\u200e2023-\u200e11\u200e.\u200e25\u200e.\u200e53-5-810x1024.jpg 810w, https:\/\/www.moncef-ammari.tn\/wp-content\/uploads\/2023\/02\/kyoScan-\u200e2\u200e.\u200e23\u200e.\u200e2023-\u200e11\u200e.\u200e25\u200e.\u200e53-5-237x300.jpg 237w, https:\/\/www.moncef-ammari.tn\/wp-content\/uploads\/2023\/02\/kyoScan-\u200e2\u200e.\u200e23\u200e.\u200e2023-\u200e11\u200e.\u200e25\u200e.\u200e53-5-768x971.jpg 768w, https:\/\/www.moncef-ammari.tn\/wp-content\/uploads\/2023\/02\/kyoScan-\u200e2\u200e.\u200e23\u200e.\u200e2023-\u200e11\u200e.\u200e25\u200e.\u200e53-5-1214x1536.jpg 1214w, https:\/\/www.moncef-ammari.tn\/wp-content\/uploads\/2023\/02\/kyoScan-\u200e2\u200e.\u200e23\u200e.\u200e2023-\u200e11\u200e.\u200e25\u200e.\u200e53-5-1619x2048.jpg 1619w, https:\/\/www.moncef-ammari.tn\/wp-content\/uploads\/2023\/02\/kyoScan-\u200e2\u200e.\u200e23\u200e.\u200e2023-\u200e11\u200e.\u200e25\u200e.\u200e53-5-scaled.jpg 2024w\" sizes=\"auto, (max-width: 650px) 100vw, 650px\" \/><figcaption class=\"wp-element-caption\">Les abattoirs \u00e0 l&rsquo;index 06-06-1992<\/figcaption><\/figure>\n\n\n\n<figure class=\"wp-block-image size-large is-resized\"><img loading=\"lazy\" decoding=\"async\" src=\"https:\/\/www.moncef-ammari.tn\/wp-content\/uploads\/2023\/02\/kyoScan-\u200e2\u200e.\u200e23\u200e.\u200e2023-\u200e11\u200e.\u200e28\u200e.\u200e31-3-571x1024.jpg\" alt=\"\" class=\"wp-image-1416\" width=\"650\" height=\"1166\" srcset=\"https:\/\/www.moncef-ammari.tn\/wp-content\/uploads\/2023\/02\/kyoScan-\u200e2\u200e.\u200e23\u200e.\u200e2023-\u200e11\u200e.\u200e28\u200e.\u200e31-3-571x1024.jpg 571w, https:\/\/www.moncef-ammari.tn\/wp-content\/uploads\/2023\/02\/kyoScan-\u200e2\u200e.\u200e23\u200e.\u200e2023-\u200e11\u200e.\u200e28\u200e.\u200e31-3-167x300.jpg 167w, https:\/\/www.moncef-ammari.tn\/wp-content\/uploads\/2023\/02\/kyoScan-\u200e2\u200e.\u200e23\u200e.\u200e2023-\u200e11\u200e.\u200e28\u200e.\u200e31-3-768x1377.jpg 768w, https:\/\/www.moncef-ammari.tn\/wp-content\/uploads\/2023\/02\/kyoScan-\u200e2\u200e.\u200e23\u200e.\u200e2023-\u200e11\u200e.\u200e28\u200e.\u200e31-3-857x1536.jpg 857w, https:\/\/www.moncef-ammari.tn\/wp-content\/uploads\/2023\/02\/kyoScan-\u200e2\u200e.\u200e23\u200e.\u200e2023-\u200e11\u200e.\u200e28\u200e.\u200e31-3-1142x2048.jpg 1142w, https:\/\/www.moncef-ammari.tn\/wp-content\/uploads\/2023\/02\/kyoScan-\u200e2\u200e.\u200e23\u200e.\u200e2023-\u200e11\u200e.\u200e28\u200e.\u200e31-3-scaled.jpg 1428w\" sizes=\"auto, (max-width: 650px) 100vw, 650px\" \/><figcaption class=\"wp-element-caption\">Un probl\u00e8me dur \u00e0 cuire pour La Chebba la viande 04-01-1993<\/figcaption><\/figure>\n\n\n\n<figure class=\"wp-block-image size-large\"><img loading=\"lazy\" decoding=\"async\" width=\"1024\" height=\"394\" src=\"https:\/\/www.moncef-ammari.tn\/wp-content\/uploads\/2023\/02\/kyoScan-\u200e2\u200e.\u200e23\u200e.\u200e2023-\u200e11\u200e.\u200e25\u200e.\u200e53-3-1024x394.jpg\" alt=\"\" class=\"wp-image-1402\" srcset=\"https:\/\/www.moncef-ammari.tn\/wp-content\/uploads\/2023\/02\/kyoScan-\u200e2\u200e.\u200e23\u200e.\u200e2023-\u200e11\u200e.\u200e25\u200e.\u200e53-3-1024x394.jpg 1024w, https:\/\/www.moncef-ammari.tn\/wp-content\/uploads\/2023\/02\/kyoScan-\u200e2\u200e.\u200e23\u200e.\u200e2023-\u200e11\u200e.\u200e25\u200e.\u200e53-3-300x116.jpg 300w, https:\/\/www.moncef-ammari.tn\/wp-content\/uploads\/2023\/02\/kyoScan-\u200e2\u200e.\u200e23\u200e.\u200e2023-\u200e11\u200e.\u200e25\u200e.\u200e53-3-768x296.jpg 768w, https:\/\/www.moncef-ammari.tn\/wp-content\/uploads\/2023\/02\/kyoScan-\u200e2\u200e.\u200e23\u200e.\u200e2023-\u200e11\u200e.\u200e25\u200e.\u200e53-3-1536x591.jpg 1536w, https:\/\/www.moncef-ammari.tn\/wp-content\/uploads\/2023\/02\/kyoScan-\u200e2\u200e.\u200e23\u200e.\u200e2023-\u200e11\u200e.\u200e25\u200e.\u200e53-3-2048x789.jpg 2048w\" sizes=\"auto, (max-width: 1024px) 100vw, 1024px\" \/><figcaption class=\"wp-element-caption\">Les pr\u00e9paratifs vont bon train 08-02-1993<\/figcaption><\/figure>\n\n\n\n<figure class=\"wp-block-image aligncenter size-large is-resized\"><img loading=\"lazy\" decoding=\"async\" src=\"https:\/\/www.moncef-ammari.tn\/wp-content\/uploads\/2023\/02\/kyoScan-\u200e2\u200e.\u200e23\u200e.\u200e2023-\u200e11\u200e.\u200e28\u200e.\u200e31-1-398x1024.jpg\" alt=\"\" class=\"wp-image-1411\" width=\"514\" height=\"1323\" srcset=\"https:\/\/www.moncef-ammari.tn\/wp-content\/uploads\/2023\/02\/kyoScan-\u200e2\u200e.\u200e23\u200e.\u200e2023-\u200e11\u200e.\u200e28\u200e.\u200e31-1-398x1024.jpg 398w, https:\/\/www.moncef-ammari.tn\/wp-content\/uploads\/2023\/02\/kyoScan-\u200e2\u200e.\u200e23\u200e.\u200e2023-\u200e11\u200e.\u200e28\u200e.\u200e31-1-117x300.jpg 117w, https:\/\/www.moncef-ammari.tn\/wp-content\/uploads\/2023\/02\/kyoScan-\u200e2\u200e.\u200e23\u200e.\u200e2023-\u200e11\u200e.\u200e28\u200e.\u200e31-1-768x1975.jpg 768w, https:\/\/www.moncef-ammari.tn\/wp-content\/uploads\/2023\/02\/kyoScan-\u200e2\u200e.\u200e23\u200e.\u200e2023-\u200e11\u200e.\u200e28\u200e.\u200e31-1-597x1536.jpg 597w\" sizes=\"auto, (max-width: 514px) 100vw, 514px\" \/><\/figure>\n\n\n\n<figure class=\"wp-block-image aligncenter size-large is-resized\"><img loading=\"lazy\" decoding=\"async\" src=\"https:\/\/www.moncef-ammari.tn\/wp-content\/uploads\/2023\/02\/kyoScan-\u200e2\u200e.\u200e23\u200e.\u200e2023-\u200e11\u200e.\u200e28\u200e.\u200e31-2-401x1024.jpg\" alt=\"\" class=\"wp-image-1412\" width=\"513\" height=\"1310\" srcset=\"https:\/\/www.moncef-ammari.tn\/wp-content\/uploads\/2023\/02\/kyoScan-\u200e2\u200e.\u200e23\u200e.\u200e2023-\u200e11\u200e.\u200e28\u200e.\u200e31-2-401x1024.jpg 401w, https:\/\/www.moncef-ammari.tn\/wp-content\/uploads\/2023\/02\/kyoScan-\u200e2\u200e.\u200e23\u200e.\u200e2023-\u200e11\u200e.\u200e28\u200e.\u200e31-2-117x300.jpg 117w, https:\/\/www.moncef-ammari.tn\/wp-content\/uploads\/2023\/02\/kyoScan-\u200e2\u200e.\u200e23\u200e.\u200e2023-\u200e11\u200e.\u200e28\u200e.\u200e31-2-768x1963.jpg 768w, https:\/\/www.moncef-ammari.tn\/wp-content\/uploads\/2023\/02\/kyoScan-\u200e2\u200e.\u200e23\u200e.\u200e2023-\u200e11\u200e.\u200e28\u200e.\u200e31-2-601x1536.jpg 601w\" sizes=\"auto, (max-width: 513px) 100vw, 513px\" \/><figcaption class=\"wp-element-caption\">Dispositions pour un approvisionnement normal des march\u00e9s suite  11-01-1994<\/figcaption><\/figure>\n\n\n\n<figure class=\"wp-block-image aligncenter size-large is-resized\"><img loading=\"lazy\" decoding=\"async\" src=\"https:\/\/www.moncef-ammari.tn\/wp-content\/uploads\/2023\/02\/kyoScan-\u200e2\u200e.\u200e23\u200e.\u200e2023-\u200e11\u200e.\u200e25\u200e.\u200e53-12-297x1024.jpg\" alt=\"\" class=\"wp-image-1406\" width=\"385\" height=\"1328\" srcset=\"https:\/\/www.moncef-ammari.tn\/wp-content\/uploads\/2023\/02\/kyoScan-\u200e2\u200e.\u200e23\u200e.\u200e2023-\u200e11\u200e.\u200e25\u200e.\u200e53-12-297x1024.jpg 297w, https:\/\/www.moncef-ammari.tn\/wp-content\/uploads\/2023\/02\/kyoScan-\u200e2\u200e.\u200e23\u200e.\u200e2023-\u200e11\u200e.\u200e25\u200e.\u200e53-12-87x300.jpg 87w, https:\/\/www.moncef-ammari.tn\/wp-content\/uploads\/2023\/02\/kyoScan-\u200e2\u200e.\u200e23\u200e.\u200e2023-\u200e11\u200e.\u200e25\u200e.\u200e53-12-768x2647.jpg 768w, https:\/\/www.moncef-ammari.tn\/wp-content\/uploads\/2023\/02\/kyoScan-\u200e2\u200e.\u200e23\u200e.\u200e2023-\u200e11\u200e.\u200e25\u200e.\u200e53-12-594x2048.jpg 594w, https:\/\/www.moncef-ammari.tn\/wp-content\/uploads\/2023\/02\/kyoScan-\u200e2\u200e.\u200e23\u200e.\u200e2023-\u200e11\u200e.\u200e25\u200e.\u200e53-12-scaled.jpg 743w\" sizes=\"auto, (max-width: 385px) 100vw, 385px\" \/><figcaption class=\"wp-element-caption\">Rien n&rsquo;est laiss\u00e9 au hasard 17-01-1994<\/figcaption><\/figure>\n\n\n\n<figure class=\"wp-block-image size-large\"><img loading=\"lazy\" decoding=\"async\" width=\"664\" height=\"1024\" src=\"https:\/\/www.moncef-ammari.tn\/wp-content\/uploads\/2023\/02\/kyoScan-\u200e2\u200e.\u200e23\u200e.\u200e2023-\u200e11\u200e.\u200e28\u200e.\u200e31-4-664x1024.jpg\" alt=\"\" class=\"wp-image-1413\" srcset=\"https:\/\/www.moncef-ammari.tn\/wp-content\/uploads\/2023\/02\/kyoScan-\u200e2\u200e.\u200e23\u200e.\u200e2023-\u200e11\u200e.\u200e28\u200e.\u200e31-4-664x1024.jpg 664w, https:\/\/www.moncef-ammari.tn\/wp-content\/uploads\/2023\/02\/kyoScan-\u200e2\u200e.\u200e23\u200e.\u200e2023-\u200e11\u200e.\u200e28\u200e.\u200e31-4-195x300.jpg 195w, https:\/\/www.moncef-ammari.tn\/wp-content\/uploads\/2023\/02\/kyoScan-\u200e2\u200e.\u200e23\u200e.\u200e2023-\u200e11\u200e.\u200e28\u200e.\u200e31-4-768x1184.jpg 768w, https:\/\/www.moncef-ammari.tn\/wp-content\/uploads\/2023\/02\/kyoScan-\u200e2\u200e.\u200e23\u200e.\u200e2023-\u200e11\u200e.\u200e28\u200e.\u200e31-4-997x1536.jpg 997w, https:\/\/www.moncef-ammari.tn\/wp-content\/uploads\/2023\/02\/kyoScan-\u200e2\u200e.\u200e23\u200e.\u200e2023-\u200e11\u200e.\u200e28\u200e.\u200e31-4-1329x2048.jpg 1329w, https:\/\/www.moncef-ammari.tn\/wp-content\/uploads\/2023\/02\/kyoScan-\u200e2\u200e.\u200e23\u200e.\u200e2023-\u200e11\u200e.\u200e28\u200e.\u200e31-4-scaled.jpg 1661w\" sizes=\"auto, (max-width: 664px) 100vw, 664px\" \/><figcaption class=\"wp-element-caption\">Le lait et ses d\u00e9riv\u00e9s \u00e0 l&rsquo;ordre du jour 19-07-1993<\/figcaption><\/figure>\n\n\n\n<figure class=\"wp-block-image size-large\"><img loading=\"lazy\" decoding=\"async\" width=\"1024\" height=\"1018\" src=\"https:\/\/www.moncef-ammari.tn\/wp-content\/uploads\/2023\/02\/kyoScan-\u200e2\u200e.\u200e23\u200e.\u200e2023-\u200e11\u200e.\u200e25\u200e.\u200e53-10-1024x1018.jpg\" alt=\"\" class=\"wp-image-1407\" srcset=\"https:\/\/www.moncef-ammari.tn\/wp-content\/uploads\/2023\/02\/kyoScan-\u200e2\u200e.\u200e23\u200e.\u200e2023-\u200e11\u200e.\u200e25\u200e.\u200e53-10-1024x1018.jpg 1024w, https:\/\/www.moncef-ammari.tn\/wp-content\/uploads\/2023\/02\/kyoScan-\u200e2\u200e.\u200e23\u200e.\u200e2023-\u200e11\u200e.\u200e25\u200e.\u200e53-10-300x298.jpg 300w, https:\/\/www.moncef-ammari.tn\/wp-content\/uploads\/2023\/02\/kyoScan-\u200e2\u200e.\u200e23\u200e.\u200e2023-\u200e11\u200e.\u200e25\u200e.\u200e53-10-150x150.jpg 150w, https:\/\/www.moncef-ammari.tn\/wp-content\/uploads\/2023\/02\/kyoScan-\u200e2\u200e.\u200e23\u200e.\u200e2023-\u200e11\u200e.\u200e25\u200e.\u200e53-10-768x763.jpg 768w, https:\/\/www.moncef-ammari.tn\/wp-content\/uploads\/2023\/02\/kyoScan-\u200e2\u200e.\u200e23\u200e.\u200e2023-\u200e11\u200e.\u200e25\u200e.\u200e53-10-1536x1526.jpg 1536w, https:\/\/www.moncef-ammari.tn\/wp-content\/uploads\/2023\/02\/kyoScan-\u200e2\u200e.\u200e23\u200e.\u200e2023-\u200e11\u200e.\u200e25\u200e.\u200e53-10-2048x2035.jpg 2048w\" sizes=\"auto, (max-width: 1024px) 100vw, 1024px\" \/><figcaption class=\"wp-element-caption\">Ramadan : vaste \u00e9lan de solidarit\u00e9 30-01-1995<\/figcaption><\/figure>\n\n\n\n<figure class=\"wp-block-image size-large\"><img loading=\"lazy\" decoding=\"async\" width=\"778\" height=\"1024\" src=\"https:\/\/www.moncef-ammari.tn\/wp-content\/uploads\/2023\/02\/kyoScan-\u200e2\u200e.\u200e23\u200e.\u200e2023-\u200e11\u200e.\u200e25\u200e.\u200e53-6-778x1024.jpg\" alt=\"\" class=\"wp-image-1410\" srcset=\"https:\/\/www.moncef-ammari.tn\/wp-content\/uploads\/2023\/02\/kyoScan-\u200e2\u200e.\u200e23\u200e.\u200e2023-\u200e11\u200e.\u200e25\u200e.\u200e53-6-778x1024.jpg 778w, https:\/\/www.moncef-ammari.tn\/wp-content\/uploads\/2023\/02\/kyoScan-\u200e2\u200e.\u200e23\u200e.\u200e2023-\u200e11\u200e.\u200e25\u200e.\u200e53-6-228x300.jpg 228w, https:\/\/www.moncef-ammari.tn\/wp-content\/uploads\/2023\/02\/kyoScan-\u200e2\u200e.\u200e23\u200e.\u200e2023-\u200e11\u200e.\u200e25\u200e.\u200e53-6-768x1010.jpg 768w, https:\/\/www.moncef-ammari.tn\/wp-content\/uploads\/2023\/02\/kyoScan-\u200e2\u200e.\u200e23\u200e.\u200e2023-\u200e11\u200e.\u200e25\u200e.\u200e53-6-1168x1536.jpg 1168w, https:\/\/www.moncef-ammari.tn\/wp-content\/uploads\/2023\/02\/kyoScan-\u200e2\u200e.\u200e23\u200e.\u200e2023-\u200e11\u200e.\u200e25\u200e.\u200e53-6-1557x2048.jpg 1557w, https:\/\/www.moncef-ammari.tn\/wp-content\/uploads\/2023\/02\/kyoScan-\u200e2\u200e.\u200e23\u200e.\u200e2023-\u200e11\u200e.\u200e25\u200e.\u200e53-6-scaled.jpg 1946w\" sizes=\"auto, (max-width: 778px) 100vw, 778px\" \/><figcaption class=\"wp-element-caption\">L&rsquo;approvisinnement normal est assur\u00e9 19-11-1996<\/figcaption><\/figure>\n\n\n\n<figure class=\"wp-block-image aligncenter size-large is-resized\"><img loading=\"lazy\" decoding=\"async\" src=\"https:\/\/www.moncef-ammari.tn\/wp-content\/uploads\/2023\/02\/kyoScan-\u200e2\u200e.\u200e23\u200e.\u200e2023-\u200e11\u200e.\u200e25\u200e.\u200e53-2-204x1024.jpg\" alt=\"\" class=\"wp-image-1401\" width=\"363\" height=\"1823\" srcset=\"https:\/\/www.moncef-ammari.tn\/wp-content\/uploads\/2023\/02\/kyoScan-\u200e2\u200e.\u200e23\u200e.\u200e2023-\u200e11\u200e.\u200e25\u200e.\u200e53-2-204x1024.jpg 204w, https:\/\/www.moncef-ammari.tn\/wp-content\/uploads\/2023\/02\/kyoScan-\u200e2\u200e.\u200e23\u200e.\u200e2023-\u200e11\u200e.\u200e25\u200e.\u200e53-2-60x300.jpg 60w\" sizes=\"auto, (max-width: 363px) 100vw, 363px\" \/><figcaption class=\"wp-element-caption\">Au rendez-vous des technologies modernes 01-06-1998<\/figcaption><\/figure>\n","protected":false},"excerpt":{"rendered":"","protected":false},"author":1,"featured_media":0,"parent":21,"menu_order":0,"comment_status":"closed","ping_status":"closed","template":"","meta":{"footnotes":""},"class_list":["post-1363","page","type-page","status-publish","hentry"],"_links":{"self":[{"href":"https:\/\/www.moncef-ammari.tn\/index.php?rest_route=\/wp\/v2\/pages\/1363","targetHints":{"allow":["GET"]}}],"collection":[{"href":"https:\/\/www.moncef-ammari.tn\/index.php?rest_route=\/wp\/v2\/pages"}],"about":[{"href":"https:\/\/www.moncef-ammari.tn\/index.php?rest_route=\/wp\/v2\/types\/page"}],"author":[{"embeddable":true,"href":"https:\/\/www.moncef-ammari.tn\/index.php?rest_route=\/wp\/v2\/users\/1"}],"replies":[{"embeddable":true,"href":"https:\/\/www.moncef-ammari.tn\/index.php?rest_route=%2Fwp%2Fv2%2Fcomments&post=1363"}],"version-history":[{"count":7,"href":"https:\/\/www.moncef-ammari.tn\/index.php?rest_route=\/wp\/v2\/pages\/1363\/revisions"}],"predecessor-version":[{"id":1482,"href":"https:\/\/www.moncef-ammari.tn\/index.php?rest_route=\/wp\/v2\/pages\/1363\/revisions\/1482"}],"up":[{"embeddable":true,"href":"https:\/\/www.moncef-ammari.tn\/index.php?rest_route=\/wp\/v2\/pages\/21"}],"wp:attachment":[{"href":"https:\/\/www.moncef-ammari.tn\/index.php?rest_route=%2Fwp%2Fv2%2Fmedia&parent=1363"}],"curies":[{"name":"wp","href":"https:\/\/api.w.org\/{rel}","templated":true}]}}