{"id":1365,"date":"2023-02-23T11:39:51","date_gmt":"2023-02-23T10:39:51","guid":{"rendered":"https:\/\/www.moncef-ammari.tn\/?page_id=1365"},"modified":"2023-02-23T16:49:18","modified_gmt":"2023-02-23T15:49:18","slug":"seminaires-et-colloques","status":"publish","type":"page","link":"https:\/\/www.moncef-ammari.tn\/?page_id=1365","title":{"rendered":"SEMINAIRES ET COLLOQUES"},"content":{"rendered":"\n<figure class=\"wp-block-image size-large\"><img loading=\"lazy\" decoding=\"async\" width=\"648\" height=\"1024\" src=\"https:\/\/www.moncef-ammari.tn\/wp-content\/uploads\/2023\/02\/kyoScan-\u200e2\u200e.\u200e23\u200e.\u200e2023-\u200e10\u200e.\u200e47\u200e.\u200e34-14-648x1024.jpg\" alt=\"\" class=\"wp-image-1433\" srcset=\"https:\/\/www.moncef-ammari.tn\/wp-content\/uploads\/2023\/02\/kyoScan-\u200e2\u200e.\u200e23\u200e.\u200e2023-\u200e10\u200e.\u200e47\u200e.\u200e34-14-648x1024.jpg 648w, https:\/\/www.moncef-ammari.tn\/wp-content\/uploads\/2023\/02\/kyoScan-\u200e2\u200e.\u200e23\u200e.\u200e2023-\u200e10\u200e.\u200e47\u200e.\u200e34-14-190x300.jpg 190w, https:\/\/www.moncef-ammari.tn\/wp-content\/uploads\/2023\/02\/kyoScan-\u200e2\u200e.\u200e23\u200e.\u200e2023-\u200e10\u200e.\u200e47\u200e.\u200e34-14-768x1214.jpg 768w, https:\/\/www.moncef-ammari.tn\/wp-content\/uploads\/2023\/02\/kyoScan-\u200e2\u200e.\u200e23\u200e.\u200e2023-\u200e10\u200e.\u200e47\u200e.\u200e34-14-972x1536.jpg 972w, https:\/\/www.moncef-ammari.tn\/wp-content\/uploads\/2023\/02\/kyoScan-\u200e2\u200e.\u200e23\u200e.\u200e2023-\u200e10\u200e.\u200e47\u200e.\u200e34-14-1296x2048.jpg 1296w, https:\/\/www.moncef-ammari.tn\/wp-content\/uploads\/2023\/02\/kyoScan-\u200e2\u200e.\u200e23\u200e.\u200e2023-\u200e10\u200e.\u200e47\u200e.\u200e34-14-scaled.jpg 1619w\" sizes=\"auto, (max-width: 648px) 100vw, 648px\" \/><figcaption class=\"wp-element-caption\">Un tr\u00e9sor par 40 m\u00e8tres de fond 11-12-1986<\/figcaption><\/figure>\n\n\n\n<figure class=\"wp-block-image size-large\"><img loading=\"lazy\" decoding=\"async\" width=\"1024\" height=\"870\" src=\"https:\/\/www.moncef-ammari.tn\/wp-content\/uploads\/2023\/02\/kyoScan-\u200e2\u200e.\u200e23\u200e.\u200e2023-\u200e10\u200e.\u200e47\u200e.\u200e34-15-1024x870.jpg\" alt=\"\" class=\"wp-image-1432\" srcset=\"https:\/\/www.moncef-ammari.tn\/wp-content\/uploads\/2023\/02\/kyoScan-\u200e2\u200e.\u200e23\u200e.\u200e2023-\u200e10\u200e.\u200e47\u200e.\u200e34-15-1024x870.jpg 1024w, https:\/\/www.moncef-ammari.tn\/wp-content\/uploads\/2023\/02\/kyoScan-\u200e2\u200e.\u200e23\u200e.\u200e2023-\u200e10\u200e.\u200e47\u200e.\u200e34-15-300x255.jpg 300w, https:\/\/www.moncef-ammari.tn\/wp-content\/uploads\/2023\/02\/kyoScan-\u200e2\u200e.\u200e23\u200e.\u200e2023-\u200e10\u200e.\u200e47\u200e.\u200e34-15-768x653.jpg 768w, https:\/\/www.moncef-ammari.tn\/wp-content\/uploads\/2023\/02\/kyoScan-\u200e2\u200e.\u200e23\u200e.\u200e2023-\u200e10\u200e.\u200e47\u200e.\u200e34-15-1536x1306.jpg 1536w, https:\/\/www.moncef-ammari.tn\/wp-content\/uploads\/2023\/02\/kyoScan-\u200e2\u200e.\u200e23\u200e.\u200e2023-\u200e10\u200e.\u200e47\u200e.\u200e34-15-2048x1741.jpg 2048w\" sizes=\"auto, (max-width: 1024px) 100vw, 1024px\" \/><figcaption class=\"wp-element-caption\">\u00ab\u00a0Les \u00e9nergies renouvelables\u00a0\u00bb \u00e0 l&rsquo;ordre du jour 07-05-1987<\/figcaption><\/figure>\n\n\n\n<figure class=\"wp-block-image size-large\"><img loading=\"lazy\" decoding=\"async\" width=\"1024\" height=\"843\" src=\"https:\/\/www.moncef-ammari.tn\/wp-content\/uploads\/2023\/02\/kyoScan-\u200e2\u200e.\u200e23\u200e.\u200e2023-\u200e10\u200e.\u200e47\u200e.\u200e34-13-1024x843.jpg\" alt=\"\" class=\"wp-image-1422\" srcset=\"https:\/\/www.moncef-ammari.tn\/wp-content\/uploads\/2023\/02\/kyoScan-\u200e2\u200e.\u200e23\u200e.\u200e2023-\u200e10\u200e.\u200e47\u200e.\u200e34-13-1024x843.jpg 1024w, https:\/\/www.moncef-ammari.tn\/wp-content\/uploads\/2023\/02\/kyoScan-\u200e2\u200e.\u200e23\u200e.\u200e2023-\u200e10\u200e.\u200e47\u200e.\u200e34-13-300x247.jpg 300w, https:\/\/www.moncef-ammari.tn\/wp-content\/uploads\/2023\/02\/kyoScan-\u200e2\u200e.\u200e23\u200e.\u200e2023-\u200e10\u200e.\u200e47\u200e.\u200e34-13-768x632.jpg 768w, https:\/\/www.moncef-ammari.tn\/wp-content\/uploads\/2023\/02\/kyoScan-\u200e2\u200e.\u200e23\u200e.\u200e2023-\u200e10\u200e.\u200e47\u200e.\u200e34-13-1536x1265.jpg 1536w, https:\/\/www.moncef-ammari.tn\/wp-content\/uploads\/2023\/02\/kyoScan-\u200e2\u200e.\u200e23\u200e.\u200e2023-\u200e10\u200e.\u200e47\u200e.\u200e34-13-2048x1686.jpg 2048w\" sizes=\"auto, (max-width: 1024px) 100vw, 1024px\" \/><figcaption class=\"wp-element-caption\">S\u00e9minaire sur les coop\u00e9ratives de services 28-05-1989<\/figcaption><\/figure>\n\n\n\n<figure class=\"wp-block-image size-large\"><img loading=\"lazy\" decoding=\"async\" width=\"1024\" height=\"786\" src=\"https:\/\/www.moncef-ammari.tn\/wp-content\/uploads\/2023\/02\/kyoScan-\u200e2\u200e.\u200e23\u200e.\u200e2023-\u200e10\u200e.\u200e47\u200e.\u200e34-9-1024x786.jpg\" alt=\"\" class=\"wp-image-1427\" srcset=\"https:\/\/www.moncef-ammari.tn\/wp-content\/uploads\/2023\/02\/kyoScan-\u200e2\u200e.\u200e23\u200e.\u200e2023-\u200e10\u200e.\u200e47\u200e.\u200e34-9-1024x786.jpg 1024w, https:\/\/www.moncef-ammari.tn\/wp-content\/uploads\/2023\/02\/kyoScan-\u200e2\u200e.\u200e23\u200e.\u200e2023-\u200e10\u200e.\u200e47\u200e.\u200e34-9-300x230.jpg 300w, https:\/\/www.moncef-ammari.tn\/wp-content\/uploads\/2023\/02\/kyoScan-\u200e2\u200e.\u200e23\u200e.\u200e2023-\u200e10\u200e.\u200e47\u200e.\u200e34-9-768x590.jpg 768w, https:\/\/www.moncef-ammari.tn\/wp-content\/uploads\/2023\/02\/kyoScan-\u200e2\u200e.\u200e23\u200e.\u200e2023-\u200e10\u200e.\u200e47\u200e.\u200e34-9-1536x1179.jpg 1536w, https:\/\/www.moncef-ammari.tn\/wp-content\/uploads\/2023\/02\/kyoScan-\u200e2\u200e.\u200e23\u200e.\u200e2023-\u200e10\u200e.\u200e47\u200e.\u200e34-9-2048x1572.jpg 2048w\" sizes=\"auto, (max-width: 1024px) 100vw, 1024px\" \/><figcaption class=\"wp-element-caption\">Bon comportement de l&rsquo;\u00e9conomie tunisienne en 1988 27-08-1989<\/figcaption><\/figure>\n\n\n\n<figure class=\"wp-block-image size-large\"><img loading=\"lazy\" decoding=\"async\" width=\"851\" height=\"1024\" src=\"https:\/\/www.moncef-ammari.tn\/wp-content\/uploads\/2023\/02\/kyoScan-\u200e2\u200e.\u200e23\u200e.\u200e2023-\u200e10\u200e.\u200e47\u200e.\u200e34-2-851x1024.jpg\" alt=\"\" class=\"wp-image-1435\" srcset=\"https:\/\/www.moncef-ammari.tn\/wp-content\/uploads\/2023\/02\/kyoScan-\u200e2\u200e.\u200e23\u200e.\u200e2023-\u200e10\u200e.\u200e47\u200e.\u200e34-2-851x1024.jpg 851w, https:\/\/www.moncef-ammari.tn\/wp-content\/uploads\/2023\/02\/kyoScan-\u200e2\u200e.\u200e23\u200e.\u200e2023-\u200e10\u200e.\u200e47\u200e.\u200e34-2-249x300.jpg 249w, https:\/\/www.moncef-ammari.tn\/wp-content\/uploads\/2023\/02\/kyoScan-\u200e2\u200e.\u200e23\u200e.\u200e2023-\u200e10\u200e.\u200e47\u200e.\u200e34-2-768x925.jpg 768w, https:\/\/www.moncef-ammari.tn\/wp-content\/uploads\/2023\/02\/kyoScan-\u200e2\u200e.\u200e23\u200e.\u200e2023-\u200e10\u200e.\u200e47\u200e.\u200e34-2-1276x1536.jpg 1276w, https:\/\/www.moncef-ammari.tn\/wp-content\/uploads\/2023\/02\/kyoScan-\u200e2\u200e.\u200e23\u200e.\u200e2023-\u200e10\u200e.\u200e47\u200e.\u200e34-2-1701x2048.jpg 1701w\" sizes=\"auto, (max-width: 851px) 100vw, 851px\" \/><figcaption class=\"wp-element-caption\">Pour une meilleure r\u00e9conciliation avec l&rsquo;environnement 02-09-1991<\/figcaption><\/figure>\n\n\n\n<figure class=\"wp-block-image size-large\"><img loading=\"lazy\" decoding=\"async\" width=\"830\" height=\"1024\" src=\"https:\/\/www.moncef-ammari.tn\/wp-content\/uploads\/2023\/02\/kyoScan-\u200e2\u200e.\u200e23\u200e.\u200e2023-\u200e10\u200e.\u200e47\u200e.\u200e34-1-830x1024.jpg\" alt=\"\" class=\"wp-image-1436\" srcset=\"https:\/\/www.moncef-ammari.tn\/wp-content\/uploads\/2023\/02\/kyoScan-\u200e2\u200e.\u200e23\u200e.\u200e2023-\u200e10\u200e.\u200e47\u200e.\u200e34-1-830x1024.jpg 830w, https:\/\/www.moncef-ammari.tn\/wp-content\/uploads\/2023\/02\/kyoScan-\u200e2\u200e.\u200e23\u200e.\u200e2023-\u200e10\u200e.\u200e47\u200e.\u200e34-1-243x300.jpg 243w, https:\/\/www.moncef-ammari.tn\/wp-content\/uploads\/2023\/02\/kyoScan-\u200e2\u200e.\u200e23\u200e.\u200e2023-\u200e10\u200e.\u200e47\u200e.\u200e34-1-768x948.jpg 768w, https:\/\/www.moncef-ammari.tn\/wp-content\/uploads\/2023\/02\/kyoScan-\u200e2\u200e.\u200e23\u200e.\u200e2023-\u200e10\u200e.\u200e47\u200e.\u200e34-1-1245x1536.jpg 1245w, https:\/\/www.moncef-ammari.tn\/wp-content\/uploads\/2023\/02\/kyoScan-\u200e2\u200e.\u200e23\u200e.\u200e2023-\u200e10\u200e.\u200e47\u200e.\u200e34-1-1660x2048.jpg 1660w\" sizes=\"auto, (max-width: 830px) 100vw, 830px\" \/><figcaption class=\"wp-element-caption\">La qualit\u00e9, mon doux souci 23-11-1992<\/figcaption><\/figure>\n\n\n\n<figure class=\"wp-block-image size-large is-resized\"><img loading=\"lazy\" decoding=\"async\" src=\"https:\/\/www.moncef-ammari.tn\/wp-content\/uploads\/2023\/02\/kyoScan-\u200e2\u200e.\u200e23\u200e.\u200e2023-\u200e10\u200e.\u200e47\u200e.\u200e34-5-397x1024.jpg\" alt=\"\" class=\"wp-image-1431\" width=\"650\" height=\"1677\" srcset=\"https:\/\/www.moncef-ammari.tn\/wp-content\/uploads\/2023\/02\/kyoScan-\u200e2\u200e.\u200e23\u200e.\u200e2023-\u200e10\u200e.\u200e47\u200e.\u200e34-5-397x1024.jpg 397w, https:\/\/www.moncef-ammari.tn\/wp-content\/uploads\/2023\/02\/kyoScan-\u200e2\u200e.\u200e23\u200e.\u200e2023-\u200e10\u200e.\u200e47\u200e.\u200e34-5-116x300.jpg 116w, https:\/\/www.moncef-ammari.tn\/wp-content\/uploads\/2023\/02\/kyoScan-\u200e2\u200e.\u200e23\u200e.\u200e2023-\u200e10\u200e.\u200e47\u200e.\u200e34-5-768x1982.jpg 768w, https:\/\/www.moncef-ammari.tn\/wp-content\/uploads\/2023\/02\/kyoScan-\u200e2\u200e.\u200e23\u200e.\u200e2023-\u200e10\u200e.\u200e47\u200e.\u200e34-5-595x1536.jpg 595w, https:\/\/www.moncef-ammari.tn\/wp-content\/uploads\/2023\/02\/kyoScan-\u200e2\u200e.\u200e23\u200e.\u200e2023-\u200e10\u200e.\u200e47\u200e.\u200e34-5-794x2048.jpg 794w, https:\/\/www.moncef-ammari.tn\/wp-content\/uploads\/2023\/02\/kyoScan-\u200e2\u200e.\u200e23\u200e.\u200e2023-\u200e10\u200e.\u200e47\u200e.\u200e34-5-scaled.jpg 992w\" sizes=\"auto, (max-width: 650px) 100vw, 650px\" \/><figcaption class=\"wp-element-caption\">Les \u00e9tudiants \u00e0 c\u0153ur ouvert 28-12-1992<\/figcaption><\/figure>\n\n\n\n<figure class=\"wp-block-image size-large\"><img loading=\"lazy\" decoding=\"async\" width=\"1024\" height=\"644\" src=\"https:\/\/www.moncef-ammari.tn\/wp-content\/uploads\/2023\/02\/kyoScan-\u200e2\u200e.\u200e23\u200e.\u200e2023-\u200e10\u200e.\u200e47\u200e.\u200e34-4-1024x644.jpg\" alt=\"\" class=\"wp-image-1428\" srcset=\"https:\/\/www.moncef-ammari.tn\/wp-content\/uploads\/2023\/02\/kyoScan-\u200e2\u200e.\u200e23\u200e.\u200e2023-\u200e10\u200e.\u200e47\u200e.\u200e34-4-1024x644.jpg 1024w, https:\/\/www.moncef-ammari.tn\/wp-content\/uploads\/2023\/02\/kyoScan-\u200e2\u200e.\u200e23\u200e.\u200e2023-\u200e10\u200e.\u200e47\u200e.\u200e34-4-300x189.jpg 300w, https:\/\/www.moncef-ammari.tn\/wp-content\/uploads\/2023\/02\/kyoScan-\u200e2\u200e.\u200e23\u200e.\u200e2023-\u200e10\u200e.\u200e47\u200e.\u200e34-4-768x483.jpg 768w, https:\/\/www.moncef-ammari.tn\/wp-content\/uploads\/2023\/02\/kyoScan-\u200e2\u200e.\u200e23\u200e.\u200e2023-\u200e10\u200e.\u200e47\u200e.\u200e34-4-1536x966.jpg 1536w, https:\/\/www.moncef-ammari.tn\/wp-content\/uploads\/2023\/02\/kyoScan-\u200e2\u200e.\u200e23\u200e.\u200e2023-\u200e10\u200e.\u200e47\u200e.\u200e34-4-2048x1288.jpg 2048w\" sizes=\"auto, (max-width: 1024px) 100vw, 1024px\" \/><figcaption class=\"wp-element-caption\">Quand les Cairotes d\u00e9couvrent Mahdia 23-08-1993<\/figcaption><\/figure>\n\n\n\n<figure class=\"wp-block-image size-large\"><img loading=\"lazy\" decoding=\"async\" width=\"1024\" height=\"616\" src=\"https:\/\/www.moncef-ammari.tn\/wp-content\/uploads\/2023\/02\/kyoScan-\u200e2\u200e.\u200e23\u200e.\u200e2023-\u200e10\u200e.\u200e47\u200e.\u200e34-6-1024x616.jpg\" alt=\"\" class=\"wp-image-1429\" srcset=\"https:\/\/www.moncef-ammari.tn\/wp-content\/uploads\/2023\/02\/kyoScan-\u200e2\u200e.\u200e23\u200e.\u200e2023-\u200e10\u200e.\u200e47\u200e.\u200e34-6-1024x616.jpg 1024w, https:\/\/www.moncef-ammari.tn\/wp-content\/uploads\/2023\/02\/kyoScan-\u200e2\u200e.\u200e23\u200e.\u200e2023-\u200e10\u200e.\u200e47\u200e.\u200e34-6-300x180.jpg 300w, https:\/\/www.moncef-ammari.tn\/wp-content\/uploads\/2023\/02\/kyoScan-\u200e2\u200e.\u200e23\u200e.\u200e2023-\u200e10\u200e.\u200e47\u200e.\u200e34-6-768x462.jpg 768w, https:\/\/www.moncef-ammari.tn\/wp-content\/uploads\/2023\/02\/kyoScan-\u200e2\u200e.\u200e23\u200e.\u200e2023-\u200e10\u200e.\u200e47\u200e.\u200e34-6-1536x924.jpg 1536w, https:\/\/www.moncef-ammari.tn\/wp-content\/uploads\/2023\/02\/kyoScan-\u200e2\u200e.\u200e23\u200e.\u200e2023-\u200e10\u200e.\u200e47\u200e.\u200e34-6-2048x1232.jpg 2048w\" sizes=\"auto, (max-width: 1024px) 100vw, 1024px\" \/><figcaption class=\"wp-element-caption\">De l&rsquo;importance du lait maternel 26-07-1994<\/figcaption><\/figure>\n\n\n\n<figure class=\"wp-block-image size-large\"><img loading=\"lazy\" decoding=\"async\" width=\"1024\" height=\"513\" src=\"https:\/\/www.moncef-ammari.tn\/wp-content\/uploads\/2023\/02\/kyoScan-\u200e2\u200e.\u200e23\u200e.\u200e2023-\u200e10\u200e.\u200e47\u200e.\u200e34-7-1024x513.jpg\" alt=\"\" class=\"wp-image-1423\" srcset=\"https:\/\/www.moncef-ammari.tn\/wp-content\/uploads\/2023\/02\/kyoScan-\u200e2\u200e.\u200e23\u200e.\u200e2023-\u200e10\u200e.\u200e47\u200e.\u200e34-7-1024x513.jpg 1024w, https:\/\/www.moncef-ammari.tn\/wp-content\/uploads\/2023\/02\/kyoScan-\u200e2\u200e.\u200e23\u200e.\u200e2023-\u200e10\u200e.\u200e47\u200e.\u200e34-7-300x150.jpg 300w, https:\/\/www.moncef-ammari.tn\/wp-content\/uploads\/2023\/02\/kyoScan-\u200e2\u200e.\u200e23\u200e.\u200e2023-\u200e10\u200e.\u200e47\u200e.\u200e34-7-768x385.jpg 768w, https:\/\/www.moncef-ammari.tn\/wp-content\/uploads\/2023\/02\/kyoScan-\u200e2\u200e.\u200e23\u200e.\u200e2023-\u200e10\u200e.\u200e47\u200e.\u200e34-7-1536x770.jpg 1536w, https:\/\/www.moncef-ammari.tn\/wp-content\/uploads\/2023\/02\/kyoScan-\u200e2\u200e.\u200e23\u200e.\u200e2023-\u200e10\u200e.\u200e47\u200e.\u200e34-7-2048x1027.jpg 2048w\" sizes=\"auto, (max-width: 1024px) 100vw, 1024px\" \/><figcaption class=\"wp-element-caption\">Les conditions pour une entreprise \u00e9conomique performante en d\u00e9bat 20-11-1994<\/figcaption><\/figure>\n\n\n\n<figure class=\"wp-block-image size-large\"><img loading=\"lazy\" decoding=\"async\" width=\"911\" height=\"1024\" src=\"https:\/\/www.moncef-ammari.tn\/wp-content\/uploads\/2023\/02\/kyoScan-\u200e2\u200e.\u200e23\u200e.\u200e2023-\u200e10\u200e.\u200e47\u200e.\u200e34-3-911x1024.jpg\" alt=\"\" class=\"wp-image-1434\" srcset=\"https:\/\/www.moncef-ammari.tn\/wp-content\/uploads\/2023\/02\/kyoScan-\u200e2\u200e.\u200e23\u200e.\u200e2023-\u200e10\u200e.\u200e47\u200e.\u200e34-3-911x1024.jpg 911w, https:\/\/www.moncef-ammari.tn\/wp-content\/uploads\/2023\/02\/kyoScan-\u200e2\u200e.\u200e23\u200e.\u200e2023-\u200e10\u200e.\u200e47\u200e.\u200e34-3-267x300.jpg 267w, https:\/\/www.moncef-ammari.tn\/wp-content\/uploads\/2023\/02\/kyoScan-\u200e2\u200e.\u200e23\u200e.\u200e2023-\u200e10\u200e.\u200e47\u200e.\u200e34-3-768x863.jpg 768w, https:\/\/www.moncef-ammari.tn\/wp-content\/uploads\/2023\/02\/kyoScan-\u200e2\u200e.\u200e23\u200e.\u200e2023-\u200e10\u200e.\u200e47\u200e.\u200e34-3-1367x1536.jpg 1367w, https:\/\/www.moncef-ammari.tn\/wp-content\/uploads\/2023\/02\/kyoScan-\u200e2\u200e.\u200e23\u200e.\u200e2023-\u200e10\u200e.\u200e47\u200e.\u200e34-3-1822x2048.jpg 1822w\" sizes=\"auto, (max-width: 911px) 100vw, 911px\" \/><figcaption class=\"wp-element-caption\">Halte \u00e0 la surexploitation du littoral 31-07-1995<\/figcaption><\/figure>\n\n\n\n<figure class=\"wp-block-image size-large\"><img loading=\"lazy\" decoding=\"async\" width=\"997\" height=\"1024\" src=\"https:\/\/www.moncef-ammari.tn\/wp-content\/uploads\/2023\/02\/kyoScan-\u200e2\u200e.\u200e23\u200e.\u200e2023-\u200e10\u200e.\u200e47\u200e.\u200e34-8-997x1024.jpg\" alt=\"\" class=\"wp-image-1430\" srcset=\"https:\/\/www.moncef-ammari.tn\/wp-content\/uploads\/2023\/02\/kyoScan-\u200e2\u200e.\u200e23\u200e.\u200e2023-\u200e10\u200e.\u200e47\u200e.\u200e34-8-997x1024.jpg 997w, https:\/\/www.moncef-ammari.tn\/wp-content\/uploads\/2023\/02\/kyoScan-\u200e2\u200e.\u200e23\u200e.\u200e2023-\u200e10\u200e.\u200e47\u200e.\u200e34-8-292x300.jpg 292w, https:\/\/www.moncef-ammari.tn\/wp-content\/uploads\/2023\/02\/kyoScan-\u200e2\u200e.\u200e23\u200e.\u200e2023-\u200e10\u200e.\u200e47\u200e.\u200e34-8-768x789.jpg 768w, https:\/\/www.moncef-ammari.tn\/wp-content\/uploads\/2023\/02\/kyoScan-\u200e2\u200e.\u200e23\u200e.\u200e2023-\u200e10\u200e.\u200e47\u200e.\u200e34-8-1495x1536.jpg 1495w, https:\/\/www.moncef-ammari.tn\/wp-content\/uploads\/2023\/02\/kyoScan-\u200e2\u200e.\u200e23\u200e.\u200e2023-\u200e10\u200e.\u200e47\u200e.\u200e34-8-1993x2048.jpg 1993w\" sizes=\"auto, (max-width: 997px) 100vw, 997px\" \/><figcaption class=\"wp-element-caption\">L&rsquo;image de Mahdia dans la litt\u00e9rature tunisienne moderne 01-01-1996<\/figcaption><\/figure>\n\n\n\n<figure class=\"wp-block-image size-large\"><img loading=\"lazy\" decoding=\"async\" width=\"1024\" height=\"594\" src=\"https:\/\/www.moncef-ammari.tn\/wp-content\/uploads\/2023\/02\/kyoScan-\u200e2\u200e.\u200e23\u200e.\u200e2023-\u200e10\u200e.\u200e47\u200e.\u200e34-12-1024x594.jpg\" alt=\"\" class=\"wp-image-1424\" srcset=\"https:\/\/www.moncef-ammari.tn\/wp-content\/uploads\/2023\/02\/kyoScan-\u200e2\u200e.\u200e23\u200e.\u200e2023-\u200e10\u200e.\u200e47\u200e.\u200e34-12-1024x594.jpg 1024w, https:\/\/www.moncef-ammari.tn\/wp-content\/uploads\/2023\/02\/kyoScan-\u200e2\u200e.\u200e23\u200e.\u200e2023-\u200e10\u200e.\u200e47\u200e.\u200e34-12-300x174.jpg 300w, https:\/\/www.moncef-ammari.tn\/wp-content\/uploads\/2023\/02\/kyoScan-\u200e2\u200e.\u200e23\u200e.\u200e2023-\u200e10\u200e.\u200e47\u200e.\u200e34-12-768x446.jpg 768w, https:\/\/www.moncef-ammari.tn\/wp-content\/uploads\/2023\/02\/kyoScan-\u200e2\u200e.\u200e23\u200e.\u200e2023-\u200e10\u200e.\u200e47\u200e.\u200e34-12-1536x892.jpg 1536w, https:\/\/www.moncef-ammari.tn\/wp-content\/uploads\/2023\/02\/kyoScan-\u200e2\u200e.\u200e23\u200e.\u200e2023-\u200e10\u200e.\u200e47\u200e.\u200e34-12-2048x1189.jpg 2048w\" sizes=\"auto, (max-width: 1024px) 100vw, 1024px\" \/><figcaption class=\"wp-element-caption\">L&rsquo;ing\u00e9nieur, la recherche et l&rsquo;industrie 06-05-1996<\/figcaption><\/figure>\n\n\n\n<figure class=\"wp-block-image aligncenter size-large is-resized\"><img loading=\"lazy\" decoding=\"async\" src=\"https:\/\/www.moncef-ammari.tn\/wp-content\/uploads\/2023\/02\/kyoScan-\u200e2\u200e.\u200e23\u200e.\u200e2023-\u200e10\u200e.\u200e47\u200e.\u200e34-10-200x1024.jpg\" alt=\"\" class=\"wp-image-1426\" width=\"336\" height=\"1720\" srcset=\"https:\/\/www.moncef-ammari.tn\/wp-content\/uploads\/2023\/02\/kyoScan-\u200e2\u200e.\u200e23\u200e.\u200e2023-\u200e10\u200e.\u200e47\u200e.\u200e34-10-200x1024.jpg 200w, https:\/\/www.moncef-ammari.tn\/wp-content\/uploads\/2023\/02\/kyoScan-\u200e2\u200e.\u200e23\u200e.\u200e2023-\u200e10\u200e.\u200e47\u200e.\u200e34-10-300x1536.jpg 300w\" sizes=\"auto, (max-width: 336px) 100vw, 336px\" \/><\/figure>\n\n\n\n<figure class=\"wp-block-image aligncenter size-large is-resized\"><img loading=\"lazy\" decoding=\"async\" src=\"https:\/\/www.moncef-ammari.tn\/wp-content\/uploads\/2023\/02\/kyoScan-\u200e2\u200e.\u200e23\u200e.\u200e2023-\u200e10\u200e.\u200e47\u200e.\u200e34-11-209x1024.jpg\" alt=\"\" class=\"wp-image-1425\" width=\"338\" height=\"1656\" srcset=\"https:\/\/www.moncef-ammari.tn\/wp-content\/uploads\/2023\/02\/kyoScan-\u200e2\u200e.\u200e23\u200e.\u200e2023-\u200e10\u200e.\u200e47\u200e.\u200e34-11-209x1024.jpg 209w, https:\/\/www.moncef-ammari.tn\/wp-content\/uploads\/2023\/02\/kyoScan-\u200e2\u200e.\u200e23\u200e.\u200e2023-\u200e10\u200e.\u200e47\u200e.\u200e34-11-61x300.jpg 61w\" sizes=\"auto, (max-width: 338px) 100vw, 338px\" \/><figcaption class=\"wp-element-caption\">D\u00e9veloppement et patrimoine une compl\u00e9mentarit\u00e9 \u00e0 renforcer suite 14-08-1998<\/figcaption><\/figure>\n","protected":false},"excerpt":{"rendered":"","protected":false},"author":1,"featured_media":0,"parent":21,"menu_order":0,"comment_status":"closed","ping_status":"closed","template":"","meta":{"footnotes":""},"class_list":["post-1365","page","type-page","status-publish","hentry"],"_links":{"self":[{"href":"https:\/\/www.moncef-ammari.tn\/index.php?rest_route=\/wp\/v2\/pages\/1365","targetHints":{"allow":["GET"]}}],"collection":[{"href":"https:\/\/www.moncef-ammari.tn\/index.php?rest_route=\/wp\/v2\/pages"}],"about":[{"href":"https:\/\/www.moncef-ammari.tn\/index.php?rest_route=\/wp\/v2\/types\/page"}],"author":[{"embeddable":true,"href":"https:\/\/www.moncef-ammari.tn\/index.php?rest_route=\/wp\/v2\/users\/1"}],"replies":[{"embeddable":true,"href":"https:\/\/www.moncef-ammari.tn\/index.php?rest_route=%2Fwp%2Fv2%2Fcomments&post=1365"}],"version-history":[{"count":5,"href":"https:\/\/www.moncef-ammari.tn\/index.php?rest_route=\/wp\/v2\/pages\/1365\/revisions"}],"predecessor-version":[{"id":1480,"href":"https:\/\/www.moncef-ammari.tn\/index.php?rest_route=\/wp\/v2\/pages\/1365\/revisions\/1480"}],"up":[{"embeddable":true,"href":"https:\/\/www.moncef-ammari.tn\/index.php?rest_route=\/wp\/v2\/pages\/21"}],"wp:attachment":[{"href":"https:\/\/www.moncef-ammari.tn\/index.php?rest_route=%2Fwp%2Fv2%2Fmedia&parent=1365"}],"curies":[{"name":"wp","href":"https:\/\/api.w.org\/{rel}","templated":true}]}}