{"id":1535,"date":"2023-02-26T09:11:59","date_gmt":"2023-02-26T08:11:59","guid":{"rendered":"https:\/\/www.moncef-ammari.tn\/?page_id=1535"},"modified":"2023-02-26T17:14:27","modified_gmt":"2023-02-26T16:14:27","slug":"sante-la-presse","status":"publish","type":"page","link":"https:\/\/www.moncef-ammari.tn\/?page_id=1535","title":{"rendered":"Sant\u00e9 (LA PRESSE)"},"content":{"rendered":"\n<figure class=\"wp-block-image size-large\"><img loading=\"lazy\" decoding=\"async\" width=\"1024\" height=\"902\" src=\"https:\/\/www.moncef-ammari.tn\/wp-content\/uploads\/2023\/02\/CHU-Lindispensable-extension-14-01-1988-1024x902.jpg\" alt=\"\" class=\"wp-image-1536\" srcset=\"https:\/\/www.moncef-ammari.tn\/wp-content\/uploads\/2023\/02\/CHU-Lindispensable-extension-14-01-1988-1024x902.jpg 1024w, https:\/\/www.moncef-ammari.tn\/wp-content\/uploads\/2023\/02\/CHU-Lindispensable-extension-14-01-1988-300x264.jpg 300w, https:\/\/www.moncef-ammari.tn\/wp-content\/uploads\/2023\/02\/CHU-Lindispensable-extension-14-01-1988-768x677.jpg 768w, https:\/\/www.moncef-ammari.tn\/wp-content\/uploads\/2023\/02\/CHU-Lindispensable-extension-14-01-1988-1536x1353.jpg 1536w, https:\/\/www.moncef-ammari.tn\/wp-content\/uploads\/2023\/02\/CHU-Lindispensable-extension-14-01-1988.jpg 1973w\" sizes=\"auto, (max-width: 1024px) 100vw, 1024px\" \/><figcaption class=\"wp-element-caption\"><strong>CHU <\/strong>: L&rsquo;indispensable extension 14-01-1988<\/figcaption><\/figure>\n\n\n\n<figure class=\"wp-block-image size-large\"><img loading=\"lazy\" decoding=\"async\" width=\"1024\" height=\"886\" src=\"https:\/\/www.moncef-ammari.tn\/wp-content\/uploads\/2023\/02\/Le-CHU-remis-en-cause-2-1024x886.jpg\" alt=\"\" class=\"wp-image-1549\" srcset=\"https:\/\/www.moncef-ammari.tn\/wp-content\/uploads\/2023\/02\/Le-CHU-remis-en-cause-2-1024x886.jpg 1024w, https:\/\/www.moncef-ammari.tn\/wp-content\/uploads\/2023\/02\/Le-CHU-remis-en-cause-2-300x260.jpg 300w, https:\/\/www.moncef-ammari.tn\/wp-content\/uploads\/2023\/02\/Le-CHU-remis-en-cause-2-768x665.jpg 768w, https:\/\/www.moncef-ammari.tn\/wp-content\/uploads\/2023\/02\/Le-CHU-remis-en-cause-2-1536x1329.jpg 1536w, https:\/\/www.moncef-ammari.tn\/wp-content\/uploads\/2023\/02\/Le-CHU-remis-en-cause-2.jpg 1740w\" sizes=\"auto, (max-width: 1024px) 100vw, 1024px\" \/><figcaption class=\"wp-element-caption\">Le CHU remis en cause<\/figcaption><\/figure>\n\n\n\n<figure class=\"wp-block-image size-large\"><img loading=\"lazy\" decoding=\"async\" width=\"1024\" height=\"718\" src=\"https:\/\/www.moncef-ammari.tn\/wp-content\/uploads\/2023\/02\/Sante-La-responsabilite-de-tous-11-06-1990-1024x718.jpg\" alt=\"\" class=\"wp-image-1539\" srcset=\"https:\/\/www.moncef-ammari.tn\/wp-content\/uploads\/2023\/02\/Sante-La-responsabilite-de-tous-11-06-1990-1024x718.jpg 1024w, https:\/\/www.moncef-ammari.tn\/wp-content\/uploads\/2023\/02\/Sante-La-responsabilite-de-tous-11-06-1990-300x210.jpg 300w, https:\/\/www.moncef-ammari.tn\/wp-content\/uploads\/2023\/02\/Sante-La-responsabilite-de-tous-11-06-1990-768x538.jpg 768w, https:\/\/www.moncef-ammari.tn\/wp-content\/uploads\/2023\/02\/Sante-La-responsabilite-de-tous-11-06-1990-1536x1077.jpg 1536w, https:\/\/www.moncef-ammari.tn\/wp-content\/uploads\/2023\/02\/Sante-La-responsabilite-de-tous-11-06-1990-2048x1435.jpg 2048w\" sizes=\"auto, (max-width: 1024px) 100vw, 1024px\" \/><figcaption class=\"wp-element-caption\"><strong>Sant\u00e9<\/strong> La responsabilit\u00e9 de tous 11-06-1990<\/figcaption><\/figure>\n\n\n\n<figure class=\"wp-block-image size-large is-resized\"><img loading=\"lazy\" decoding=\"async\" src=\"https:\/\/www.moncef-ammari.tn\/wp-content\/uploads\/2023\/02\/Nos-hopitaux-shumanissent-de-plus-en-plus-18-06-1990-412x1024.jpg\" alt=\"\" class=\"wp-image-1540\" width=\"649\" height=\"1613\" srcset=\"https:\/\/www.moncef-ammari.tn\/wp-content\/uploads\/2023\/02\/Nos-hopitaux-shumanissent-de-plus-en-plus-18-06-1990-412x1024.jpg 412w, https:\/\/www.moncef-ammari.tn\/wp-content\/uploads\/2023\/02\/Nos-hopitaux-shumanissent-de-plus-en-plus-18-06-1990-121x300.jpg 121w\" sizes=\"auto, (max-width: 649px) 100vw, 649px\" \/><figcaption class=\"wp-element-caption\">Nos h\u00f4pitaux s&rsquo;humanisent de plus en plus 18-06-1990<\/figcaption><\/figure>\n\n\n\n<figure class=\"wp-block-image size-large\"><img loading=\"lazy\" decoding=\"async\" width=\"1024\" height=\"755\" src=\"https:\/\/www.moncef-ammari.tn\/wp-content\/uploads\/2023\/02\/Consolider-linfrastructure-et-ameliorer-les-prestations-15-10-1990-1024x755.jpg\" alt=\"\" class=\"wp-image-1541\" srcset=\"https:\/\/www.moncef-ammari.tn\/wp-content\/uploads\/2023\/02\/Consolider-linfrastructure-et-ameliorer-les-prestations-15-10-1990-1024x755.jpg 1024w, https:\/\/www.moncef-ammari.tn\/wp-content\/uploads\/2023\/02\/Consolider-linfrastructure-et-ameliorer-les-prestations-15-10-1990-300x221.jpg 300w, https:\/\/www.moncef-ammari.tn\/wp-content\/uploads\/2023\/02\/Consolider-linfrastructure-et-ameliorer-les-prestations-15-10-1990-768x566.jpg 768w, https:\/\/www.moncef-ammari.tn\/wp-content\/uploads\/2023\/02\/Consolider-linfrastructure-et-ameliorer-les-prestations-15-10-1990-1536x1132.jpg 1536w, https:\/\/www.moncef-ammari.tn\/wp-content\/uploads\/2023\/02\/Consolider-linfrastructure-et-ameliorer-les-prestations-15-10-1990-2048x1509.jpg 2048w\" sizes=\"auto, (max-width: 1024px) 100vw, 1024px\" \/><figcaption class=\"wp-element-caption\">Consolider l&rsquo;infrastructure et am\u00e9liorer les prestations 15-10-1990<\/figcaption><\/figure>\n\n\n\n<figure class=\"wp-block-image size-large\"><img loading=\"lazy\" decoding=\"async\" width=\"639\" height=\"1024\" src=\"https:\/\/www.moncef-ammari.tn\/wp-content\/uploads\/2023\/02\/Caravane-medicale-Une-initiative-louable-31-05-1993-639x1024.jpg\" alt=\"\" class=\"wp-image-1543\" srcset=\"https:\/\/www.moncef-ammari.tn\/wp-content\/uploads\/2023\/02\/Caravane-medicale-Une-initiative-louable-31-05-1993-639x1024.jpg 639w, https:\/\/www.moncef-ammari.tn\/wp-content\/uploads\/2023\/02\/Caravane-medicale-Une-initiative-louable-31-05-1993-187x300.jpg 187w, https:\/\/www.moncef-ammari.tn\/wp-content\/uploads\/2023\/02\/Caravane-medicale-Une-initiative-louable-31-05-1993-768x1231.jpg 768w, https:\/\/www.moncef-ammari.tn\/wp-content\/uploads\/2023\/02\/Caravane-medicale-Une-initiative-louable-31-05-1993-958x1536.jpg 958w, https:\/\/www.moncef-ammari.tn\/wp-content\/uploads\/2023\/02\/Caravane-medicale-Une-initiative-louable-31-05-1993-1278x2048.jpg 1278w, https:\/\/www.moncef-ammari.tn\/wp-content\/uploads\/2023\/02\/Caravane-medicale-Une-initiative-louable-31-05-1993-scaled.jpg 1597w\" sizes=\"auto, (max-width: 639px) 100vw, 639px\" \/><figcaption class=\"wp-element-caption\"><strong>Caravane m\u00e9dicale<\/strong> : Une initiative louable 31-05-1993<\/figcaption><\/figure>\n\n\n\n<figure class=\"wp-block-image size-large\"><img loading=\"lazy\" decoding=\"async\" width=\"895\" height=\"1024\" src=\"https:\/\/www.moncef-ammari.tn\/wp-content\/uploads\/2023\/02\/Hygiene-salubrite-et-sante-publique-20-09-1993-895x1024.jpg\" alt=\"\" class=\"wp-image-1670\" srcset=\"https:\/\/www.moncef-ammari.tn\/wp-content\/uploads\/2023\/02\/Hygiene-salubrite-et-sante-publique-20-09-1993-895x1024.jpg 895w, https:\/\/www.moncef-ammari.tn\/wp-content\/uploads\/2023\/02\/Hygiene-salubrite-et-sante-publique-20-09-1993-262x300.jpg 262w, https:\/\/www.moncef-ammari.tn\/wp-content\/uploads\/2023\/02\/Hygiene-salubrite-et-sante-publique-20-09-1993-768x879.jpg 768w, https:\/\/www.moncef-ammari.tn\/wp-content\/uploads\/2023\/02\/Hygiene-salubrite-et-sante-publique-20-09-1993-1342x1536.jpg 1342w, https:\/\/www.moncef-ammari.tn\/wp-content\/uploads\/2023\/02\/Hygiene-salubrite-et-sante-publique-20-09-1993.jpg 1789w\" sizes=\"auto, (max-width: 895px) 100vw, 895px\" \/><figcaption class=\"wp-element-caption\">Hygi\u00e8ne, salubrit\u00e9 et sant\u00e9 publique 20-09-1993<\/figcaption><\/figure>\n\n\n\n<figure class=\"wp-block-image aligncenter size-large\"><img loading=\"lazy\" decoding=\"async\" width=\"271\" height=\"1024\" src=\"https:\/\/www.moncef-ammari.tn\/wp-content\/uploads\/2023\/02\/Les-retraites-a-loeuvre-271x1024.jpg\" alt=\"\" class=\"wp-image-1667\" srcset=\"https:\/\/www.moncef-ammari.tn\/wp-content\/uploads\/2023\/02\/Les-retraites-a-loeuvre-271x1024.jpg 271w, https:\/\/www.moncef-ammari.tn\/wp-content\/uploads\/2023\/02\/Les-retraites-a-loeuvre-79x300.jpg 79w, https:\/\/www.moncef-ammari.tn\/wp-content\/uploads\/2023\/02\/Les-retraites-a-loeuvre-768x2903.jpg 768w, https:\/\/www.moncef-ammari.tn\/wp-content\/uploads\/2023\/02\/Les-retraites-a-loeuvre-406x1536.jpg 406w, https:\/\/www.moncef-ammari.tn\/wp-content\/uploads\/2023\/02\/Les-retraites-a-loeuvre-542x2048.jpg 542w, https:\/\/www.moncef-ammari.tn\/wp-content\/uploads\/2023\/02\/Les-retraites-a-loeuvre-scaled.jpg 677w\" sizes=\"auto, (max-width: 271px) 100vw, 271px\" \/><figcaption class=\"wp-element-caption\">Les retraites \u00e0 l&rsquo;\u0153uvre<\/figcaption><\/figure>\n\n\n\n<figure class=\"wp-block-image size-large\"><img loading=\"lazy\" decoding=\"async\" width=\"1024\" height=\"937\" src=\"https:\/\/www.moncef-ammari.tn\/wp-content\/uploads\/2023\/02\/Les-experts-forestiers-en-conclave-11-02-1995-1024x937.jpg\" alt=\"\" class=\"wp-image-1666\" srcset=\"https:\/\/www.moncef-ammari.tn\/wp-content\/uploads\/2023\/02\/Les-experts-forestiers-en-conclave-11-02-1995-1024x937.jpg 1024w, https:\/\/www.moncef-ammari.tn\/wp-content\/uploads\/2023\/02\/Les-experts-forestiers-en-conclave-11-02-1995-300x275.jpg 300w, https:\/\/www.moncef-ammari.tn\/wp-content\/uploads\/2023\/02\/Les-experts-forestiers-en-conclave-11-02-1995-768x703.jpg 768w, https:\/\/www.moncef-ammari.tn\/wp-content\/uploads\/2023\/02\/Les-experts-forestiers-en-conclave-11-02-1995-1536x1406.jpg 1536w, https:\/\/www.moncef-ammari.tn\/wp-content\/uploads\/2023\/02\/Les-experts-forestiers-en-conclave-11-02-1995.jpg 1742w\" sizes=\"auto, (max-width: 1024px) 100vw, 1024px\" \/><figcaption class=\"wp-element-caption\">Les experts forestiers en conclave 11-02-1995<\/figcaption><\/figure>\n\n\n\n<figure class=\"wp-block-image size-large\"><img loading=\"lazy\" decoding=\"async\" width=\"640\" height=\"1024\" src=\"https:\/\/www.moncef-ammari.tn\/wp-content\/uploads\/2023\/02\/Ton-poisson-nest-pas-aussi-frais-que-ca-11-12-1995-640x1024.jpg\" alt=\"\" class=\"wp-image-1671\" srcset=\"https:\/\/www.moncef-ammari.tn\/wp-content\/uploads\/2023\/02\/Ton-poisson-nest-pas-aussi-frais-que-ca-11-12-1995-640x1024.jpg 640w, https:\/\/www.moncef-ammari.tn\/wp-content\/uploads\/2023\/02\/Ton-poisson-nest-pas-aussi-frais-que-ca-11-12-1995-188x300.jpg 188w, https:\/\/www.moncef-ammari.tn\/wp-content\/uploads\/2023\/02\/Ton-poisson-nest-pas-aussi-frais-que-ca-11-12-1995-768x1228.jpg 768w, https:\/\/www.moncef-ammari.tn\/wp-content\/uploads\/2023\/02\/Ton-poisson-nest-pas-aussi-frais-que-ca-11-12-1995-960x1536.jpg 960w, https:\/\/www.moncef-ammari.tn\/wp-content\/uploads\/2023\/02\/Ton-poisson-nest-pas-aussi-frais-que-ca-11-12-1995-1280x2048.jpg 1280w, https:\/\/www.moncef-ammari.tn\/wp-content\/uploads\/2023\/02\/Ton-poisson-nest-pas-aussi-frais-que-ca-11-12-1995-scaled.jpg 1601w\" sizes=\"auto, (max-width: 640px) 100vw, 640px\" \/><figcaption class=\"wp-element-caption\">Ton poisson n&rsquo;est pas aussi frais que \u00e7a 11-12-1995<\/figcaption><\/figure>\n\n\n\n<figure class=\"wp-block-image size-large\"><img loading=\"lazy\" decoding=\"async\" width=\"1024\" height=\"672\" src=\"https:\/\/www.moncef-ammari.tn\/wp-content\/uploads\/2023\/02\/Hopital-regional-La-mue-heureuse-16-01-1995-1024x672.jpg\" alt=\"\" class=\"wp-image-1544\" srcset=\"https:\/\/www.moncef-ammari.tn\/wp-content\/uploads\/2023\/02\/Hopital-regional-La-mue-heureuse-16-01-1995-1024x672.jpg 1024w, https:\/\/www.moncef-ammari.tn\/wp-content\/uploads\/2023\/02\/Hopital-regional-La-mue-heureuse-16-01-1995-300x197.jpg 300w, https:\/\/www.moncef-ammari.tn\/wp-content\/uploads\/2023\/02\/Hopital-regional-La-mue-heureuse-16-01-1995-768x504.jpg 768w, https:\/\/www.moncef-ammari.tn\/wp-content\/uploads\/2023\/02\/Hopital-regional-La-mue-heureuse-16-01-1995-1536x1007.jpg 1536w, https:\/\/www.moncef-ammari.tn\/wp-content\/uploads\/2023\/02\/Hopital-regional-La-mue-heureuse-16-01-1995-2048x1343.jpg 2048w\" sizes=\"auto, (max-width: 1024px) 100vw, 1024px\" \/><figcaption class=\"wp-element-caption\"><strong>H\u00f4pital r\u00e9gional <\/strong>   La mue heureuse 16-01-1995<\/figcaption><\/figure>\n\n\n\n<figure class=\"wp-block-image size-large\"><img loading=\"lazy\" decoding=\"async\" width=\"1024\" height=\"506\" src=\"https:\/\/www.moncef-ammari.tn\/wp-content\/uploads\/2023\/02\/Sante-Des-realisations-a-la-mesure-des-attentes-10-04-1995-1-1024x506.jpg\" alt=\"\" class=\"wp-image-1551\" srcset=\"https:\/\/www.moncef-ammari.tn\/wp-content\/uploads\/2023\/02\/Sante-Des-realisations-a-la-mesure-des-attentes-10-04-1995-1-1024x506.jpg 1024w, https:\/\/www.moncef-ammari.tn\/wp-content\/uploads\/2023\/02\/Sante-Des-realisations-a-la-mesure-des-attentes-10-04-1995-1-300x148.jpg 300w, https:\/\/www.moncef-ammari.tn\/wp-content\/uploads\/2023\/02\/Sante-Des-realisations-a-la-mesure-des-attentes-10-04-1995-1-768x380.jpg 768w, https:\/\/www.moncef-ammari.tn\/wp-content\/uploads\/2023\/02\/Sante-Des-realisations-a-la-mesure-des-attentes-10-04-1995-1-1536x759.jpg 1536w, https:\/\/www.moncef-ammari.tn\/wp-content\/uploads\/2023\/02\/Sante-Des-realisations-a-la-mesure-des-attentes-10-04-1995-1-2048x1012.jpg 2048w\" sizes=\"auto, (max-width: 1024px) 100vw, 1024px\" \/><figcaption class=\"wp-element-caption\"><strong>Sant\u00e9 <\/strong>Des r\u00e9alisations \u00e0 la mesure des attentes 10-04-1995<\/figcaption><\/figure>\n\n\n\n<figure class=\"wp-block-image size-large\"><img loading=\"lazy\" decoding=\"async\" width=\"699\" height=\"1024\" src=\"https:\/\/www.moncef-ammari.tn\/wp-content\/uploads\/2023\/02\/Sante-Coup-de-neuf-pour-lhopital-regional-03-07-1995-1-699x1024.jpg\" alt=\"\" class=\"wp-image-1550\" srcset=\"https:\/\/www.moncef-ammari.tn\/wp-content\/uploads\/2023\/02\/Sante-Coup-de-neuf-pour-lhopital-regional-03-07-1995-1-699x1024.jpg 699w, https:\/\/www.moncef-ammari.tn\/wp-content\/uploads\/2023\/02\/Sante-Coup-de-neuf-pour-lhopital-regional-03-07-1995-1-205x300.jpg 205w, https:\/\/www.moncef-ammari.tn\/wp-content\/uploads\/2023\/02\/Sante-Coup-de-neuf-pour-lhopital-regional-03-07-1995-1-768x1124.jpg 768w, https:\/\/www.moncef-ammari.tn\/wp-content\/uploads\/2023\/02\/Sante-Coup-de-neuf-pour-lhopital-regional-03-07-1995-1-1049x1536.jpg 1049w, https:\/\/www.moncef-ammari.tn\/wp-content\/uploads\/2023\/02\/Sante-Coup-de-neuf-pour-lhopital-regional-03-07-1995-1-1399x2048.jpg 1399w, https:\/\/www.moncef-ammari.tn\/wp-content\/uploads\/2023\/02\/Sante-Coup-de-neuf-pour-lhopital-regional-03-07-1995-1.jpg 1705w\" sizes=\"auto, (max-width: 699px) 100vw, 699px\" \/><figcaption class=\"wp-element-caption\"><strong>Sant\u00e9 <\/strong>Coup de neuf pour l&rsquo;h\u00f4pital r\u00e9gional 03-07-1995<\/figcaption><\/figure>\n\n\n\n<figure class=\"wp-block-image size-large\"><img loading=\"lazy\" decoding=\"async\" width=\"869\" height=\"1024\" src=\"https:\/\/www.moncef-ammari.tn\/wp-content\/uploads\/2023\/02\/Service-durgence-la-transfiguration-15-04-1996-869x1024.jpg\" alt=\"\" class=\"wp-image-1547\" srcset=\"https:\/\/www.moncef-ammari.tn\/wp-content\/uploads\/2023\/02\/Service-durgence-la-transfiguration-15-04-1996-869x1024.jpg 869w, https:\/\/www.moncef-ammari.tn\/wp-content\/uploads\/2023\/02\/Service-durgence-la-transfiguration-15-04-1996-254x300.jpg 254w, https:\/\/www.moncef-ammari.tn\/wp-content\/uploads\/2023\/02\/Service-durgence-la-transfiguration-15-04-1996-768x905.jpg 768w, https:\/\/www.moncef-ammari.tn\/wp-content\/uploads\/2023\/02\/Service-durgence-la-transfiguration-15-04-1996-1303x1536.jpg 1303w, https:\/\/www.moncef-ammari.tn\/wp-content\/uploads\/2023\/02\/Service-durgence-la-transfiguration-15-04-1996-1737x2048.jpg 1737w, https:\/\/www.moncef-ammari.tn\/wp-content\/uploads\/2023\/02\/Service-durgence-la-transfiguration-15-04-1996.jpg 1800w\" sizes=\"auto, (max-width: 869px) 100vw, 869px\" \/><figcaption class=\"wp-element-caption\"><strong>Sant\u00e9   <\/strong>Service d&rsquo;urgence la transfiguration 15-04-1996<\/figcaption><\/figure>\n\n\n\n<figure class=\"wp-block-image size-large\"><img loading=\"lazy\" decoding=\"async\" width=\"1024\" height=\"737\" src=\"https:\/\/www.moncef-ammari.tn\/wp-content\/uploads\/2023\/02\/Comment-les-enfants-vivent-lhospitalisation13-05-1996-1024x737.jpg\" alt=\"\" class=\"wp-image-1548\" srcset=\"https:\/\/www.moncef-ammari.tn\/wp-content\/uploads\/2023\/02\/Comment-les-enfants-vivent-lhospitalisation13-05-1996-1024x737.jpg 1024w, https:\/\/www.moncef-ammari.tn\/wp-content\/uploads\/2023\/02\/Comment-les-enfants-vivent-lhospitalisation13-05-1996-300x216.jpg 300w, https:\/\/www.moncef-ammari.tn\/wp-content\/uploads\/2023\/02\/Comment-les-enfants-vivent-lhospitalisation13-05-1996-768x553.jpg 768w, https:\/\/www.moncef-ammari.tn\/wp-content\/uploads\/2023\/02\/Comment-les-enfants-vivent-lhospitalisation13-05-1996-1536x1105.jpg 1536w, https:\/\/www.moncef-ammari.tn\/wp-content\/uploads\/2023\/02\/Comment-les-enfants-vivent-lhospitalisation13-05-1996-2048x1474.jpg 2048w\" sizes=\"auto, (max-width: 1024px) 100vw, 1024px\" \/><figcaption class=\"wp-element-caption\">Comment les enfants vivent l&rsquo;hospitalisation?   13-05-1996<\/figcaption><\/figure>\n\n\n\n<figure class=\"wp-block-image size-large\"><img loading=\"lazy\" decoding=\"async\" width=\"831\" height=\"1024\" src=\"https:\/\/www.moncef-ammari.tn\/wp-content\/uploads\/2023\/02\/Un-nouveau-siege-social-pour-la-mutuelle-des-agents-de-la-sante-27-11-2000-831x1024.jpg\" alt=\"\" class=\"wp-image-1668\" srcset=\"https:\/\/www.moncef-ammari.tn\/wp-content\/uploads\/2023\/02\/Un-nouveau-siege-social-pour-la-mutuelle-des-agents-de-la-sante-27-11-2000-831x1024.jpg 831w, https:\/\/www.moncef-ammari.tn\/wp-content\/uploads\/2023\/02\/Un-nouveau-siege-social-pour-la-mutuelle-des-agents-de-la-sante-27-11-2000-243x300.jpg 243w, https:\/\/www.moncef-ammari.tn\/wp-content\/uploads\/2023\/02\/Un-nouveau-siege-social-pour-la-mutuelle-des-agents-de-la-sante-27-11-2000-768x946.jpg 768w, https:\/\/www.moncef-ammari.tn\/wp-content\/uploads\/2023\/02\/Un-nouveau-siege-social-pour-la-mutuelle-des-agents-de-la-sante-27-11-2000-1247x1536.jpg 1247w, https:\/\/www.moncef-ammari.tn\/wp-content\/uploads\/2023\/02\/Un-nouveau-siege-social-pour-la-mutuelle-des-agents-de-la-sante-27-11-2000-1662x2048.jpg 1662w, https:\/\/www.moncef-ammari.tn\/wp-content\/uploads\/2023\/02\/Un-nouveau-siege-social-pour-la-mutuelle-des-agents-de-la-sante-27-11-2000.jpg 1684w\" sizes=\"auto, (max-width: 831px) 100vw, 831px\" \/><figcaption class=\"wp-element-caption\">Un nouveau si\u00e8ge social pour la mutuelle des agents de la sant\u00e9 27-11-2000<\/figcaption><\/figure>\n","protected":false},"excerpt":{"rendered":"","protected":false},"author":1,"featured_media":0,"parent":21,"menu_order":0,"comment_status":"closed","ping_status":"closed","template":"","meta":{"footnotes":""},"class_list":["post-1535","page","type-page","status-publish","hentry"],"_links":{"self":[{"href":"https:\/\/www.moncef-ammari.tn\/index.php?rest_route=\/wp\/v2\/pages\/1535","targetHints":{"allow":["GET"]}}],"collection":[{"href":"https:\/\/www.moncef-ammari.tn\/index.php?rest_route=\/wp\/v2\/pages"}],"about":[{"href":"https:\/\/www.moncef-ammari.tn\/index.php?rest_route=\/wp\/v2\/types\/page"}],"author":[{"embeddable":true,"href":"https:\/\/www.moncef-ammari.tn\/index.php?rest_route=\/wp\/v2\/users\/1"}],"replies":[{"embeddable":true,"href":"https:\/\/www.moncef-ammari.tn\/index.php?rest_route=%2Fwp%2Fv2%2Fcomments&post=1535"}],"version-history":[{"count":3,"href":"https:\/\/www.moncef-ammari.tn\/index.php?rest_route=\/wp\/v2\/pages\/1535\/revisions"}],"predecessor-version":[{"id":1672,"href":"https:\/\/www.moncef-ammari.tn\/index.php?rest_route=\/wp\/v2\/pages\/1535\/revisions\/1672"}],"up":[{"embeddable":true,"href":"https:\/\/www.moncef-ammari.tn\/index.php?rest_route=\/wp\/v2\/pages\/21"}],"wp:attachment":[{"href":"https:\/\/www.moncef-ammari.tn\/index.php?rest_route=%2Fwp%2Fv2%2Fmedia&parent=1535"}],"curies":[{"name":"wp","href":"https:\/\/api.w.org\/{rel}","templated":true}]}}